{"id":98,"date":"2015-05-11T16:49:45","date_gmt":"2015-05-11T14:49:45","guid":{"rendered":"http:\/\/vivo.artur.eu\/?page_id=98"},"modified":"2026-02-09T09:32:44","modified_gmt":"2026-02-09T08:32:44","slug":"verein","status":"publish","type":"page","link":"https:\/\/www.vivo.org\/en\/ueber-vivo\/verein\/","title":{"rendered":"Organisation"},"content":{"rendered":"<p><\/p>\n<div>\n<h1>vivo international e.V.<\/h1>\n<p>\nvivo international ist a non-profit organisation based in Constance, Germany and was founded in 2001.\n<\/p>\n<figure id=\"attachment_2952\" aria-describedby=\"caption-attachment-2952\" style=\"width: 300px\" class=\"wp-caption alignnone\"><img loading=\"lazy\" decoding=\"async\" src=\"https:\/\/www.vivo.org\/wp-content\/uploads\/2021\/12\/Eremo-2021_wp-300x198.jpg\" alt=\"\" width=\"300\" height=\"198\" class=\"size-medium wp-image-2952\" srcset=\"https:\/\/www.vivo.org\/wp-content\/uploads\/2021\/12\/Eremo-2021_wp-300x198.jpg 300w, https:\/\/www.vivo.org\/wp-content\/uploads\/2021\/12\/Eremo-2021_wp-768x508.jpg 768w, https:\/\/www.vivo.org\/wp-content\/uploads\/2021\/12\/Eremo-2021_wp.jpg 1024w\" sizes=\"auto, (max-width: 300px) 100vw, 300px\" \/><figcaption id=\"caption-attachment-2952\" class=\"wp-caption-text\">vivos 2021<\/figcaption><\/figure>\n<figure id=\"attachment_2472\" aria-describedby=\"caption-attachment-2472\" style=\"width: 300px\" class=\"wp-caption alignnone\"><img loading=\"lazy\" decoding=\"async\" src=\"https:\/\/www.vivo.org\/wp-content\/uploads\/2018\/10\/WP-ga-2018-300x225.jpeg\" alt=\"\" width=\"300\" height=\"225\" class=\"size-medium wp-image-2472\" srcset=\"https:\/\/www.vivo.org\/wp-content\/uploads\/2018\/10\/WP-ga-2018-300x225.jpeg 300w, https:\/\/www.vivo.org\/wp-content\/uploads\/2018\/10\/WP-ga-2018.jpeg 640w\" sizes=\"auto, (max-width: 300px) 100vw, 300px\" \/><figcaption id=\"caption-attachment-2472\" class=\"wp-caption-text\">vivos 2018<\/figcaption><\/figure>\n<figure id=\"attachment_2317\" aria-describedby=\"caption-attachment-2317\" style=\"width: 300px\" class=\"wp-caption alignnone\"><a href=\"https:\/\/www.vivo.org\/wp-content\/uploads\/2015\/05\/vivomeeting2017.jpeg\"><img loading=\"lazy\" decoding=\"async\" src=\"https:\/\/www.vivo.org\/wp-content\/uploads\/2015\/05\/vivomeeting2017-300x225.jpeg\" alt=\"vivos 2017\" width=\"300\" height=\"225\" class=\"size-medium wp-image-2317\" srcset=\"https:\/\/www.vivo.org\/wp-content\/uploads\/2015\/05\/vivomeeting2017-300x225.jpeg 300w, https:\/\/www.vivo.org\/wp-content\/uploads\/2015\/05\/vivomeeting2017-768x576.jpeg 768w, https:\/\/www.vivo.org\/wp-content\/uploads\/2015\/05\/vivomeeting2017-1024x768.jpeg 1024w, https:\/\/www.vivo.org\/wp-content\/uploads\/2015\/05\/vivomeeting2017.jpeg 1280w\" sizes=\"auto, (max-width: 300px) 100vw, 300px\" \/><\/a><figcaption id=\"caption-attachment-2317\" class=\"wp-caption-text\">vivos 2017<\/figcaption><\/figure>\n<figure id=\"attachment_2015\" aria-describedby=\"caption-attachment-2015\" style=\"width: 300px\" class=\"wp-caption alignnone\"><img loading=\"lazy\" decoding=\"async\" src=\"https:\/\/www.vivo.org\/wp-content\/uploads\/2015\/05\/IMG_3606-klein-300x225.jpeg\" alt=\"vivos 2016\" width=\"300\" height=\"225\" class=\"size-medium wp-image-2015\" srcset=\"https:\/\/www.vivo.org\/wp-content\/uploads\/2015\/05\/IMG_3606-klein-300x225.jpeg 300w, https:\/\/www.vivo.org\/wp-content\/uploads\/2015\/05\/IMG_3606-klein.jpeg 640w\" sizes=\"auto, (max-width: 300px) 100vw, 300px\" \/><figcaption id=\"caption-attachment-2015\" class=\"wp-caption-text\">vivos 2016<\/figcaption><\/figure>\n<figure id=\"attachment_1351\" aria-describedby=\"caption-attachment-1351\" style=\"width: 300px\" class=\"wp-caption alignnone\"><a href=\"https:\/\/www.vivo.org\/wp-content\/uploads\/2015\/05\/JHV2015.jpeg\"><img loading=\"lazy\" decoding=\"async\" src=\"https:\/\/www.vivo.org\/wp-content\/uploads\/2015\/05\/JHV2015-300x225.jpeg\" alt=\"vivos 2015\" width=\"300\" height=\"225\" class=\"size-medium wp-image-1351\" srcset=\"https:\/\/www.vivo.org\/wp-content\/uploads\/2015\/05\/JHV2015-300x225.jpeg 300w, https:\/\/www.vivo.org\/wp-content\/uploads\/2015\/05\/JHV2015.jpeg 640w\" sizes=\"auto, (max-width: 300px) 100vw, 300px\" \/><\/a><figcaption id=\"caption-attachment-1351\" class=\"wp-caption-text\">vivos 2015<\/figcaption><\/figure>\n<figure id=\"attachment_952\" aria-describedby=\"caption-attachment-952\" style=\"width: 300px\" class=\"wp-caption alignnone\"><a href=\"https:\/\/www.vivo.org\/wp-content\/uploads\/2015\/09\/JHV2012.jpg\"><img loading=\"lazy\" decoding=\"async\" src=\"https:\/\/www.vivo.org\/wp-content\/uploads\/2015\/09\/JHV2012-300x200.jpg\" alt=\"vivos 2012\" width=\"300\" height=\"200\" class=\"size-medium wp-image-952\" srcset=\"https:\/\/www.vivo.org\/wp-content\/uploads\/2015\/09\/JHV2012-300x200.jpg 300w, https:\/\/www.vivo.org\/wp-content\/uploads\/2015\/09\/JHV2012-1024x683.jpg 1024w\" sizes=\"auto, (max-width: 300px) 100vw, 300px\" \/><\/a><figcaption id=\"caption-attachment-952\" class=\"wp-caption-text\">vivos 2012<\/figcaption><\/figure>\n<figure id=\"attachment_951\" aria-describedby=\"caption-attachment-951\" style=\"width: 300px\" class=\"wp-caption alignnone\"><a href=\"https:\/\/www.vivo.org\/wp-content\/uploads\/2015\/09\/JHV2011.jpg\"><img loading=\"lazy\" decoding=\"async\" src=\"https:\/\/www.vivo.org\/wp-content\/uploads\/2015\/09\/JHV2011-300x200.jpg\" alt=\"vivos 2011\" width=\"300\" height=\"200\" class=\"size-medium wp-image-951\" srcset=\"https:\/\/www.vivo.org\/wp-content\/uploads\/2015\/09\/JHV2011-300x200.jpg 300w, https:\/\/www.vivo.org\/wp-content\/uploads\/2015\/09\/JHV2011-1024x683.jpg 1024w\" sizes=\"auto, (max-width: 300px) 100vw, 300px\" \/><\/a><figcaption id=\"caption-attachment-951\" class=\"wp-caption-text\">vivos 2011<\/figcaption><\/figure>\n<p><figure id=\"attachment_956\" aria-describedby=\"caption-attachment-956\" style=\"width: 300px\" class=\"wp-caption alignnone\"><a href=\"https:\/\/www.vivo.org\/wp-content\/uploads\/2015\/05\/Eremo-family.jpg\"><img loading=\"lazy\" decoding=\"async\" src=\"https:\/\/www.vivo.org\/wp-content\/uploads\/2015\/05\/Eremo-family-300x203.jpg\" alt=\"vivos 2009\" width=\"300\" height=\"203\" class=\"size-medium wp-image-956\" srcset=\"https:\/\/www.vivo.org\/wp-content\/uploads\/2015\/05\/Eremo-family-300x203.jpg 300w, https:\/\/www.vivo.org\/wp-content\/uploads\/2015\/05\/Eremo-family.jpg 720w\" sizes=\"auto, (max-width: 300px) 100vw, 300px\" \/><\/a><figcaption id=\"caption-attachment-956\" class=\"wp-caption-text\">vivos 2009<\/figcaption><\/figure>\n<\/div>\n<div>\n<h2>Executive board<\/h2>\n<p>\nSusanne Axelsson<br \/>\nPresident<\/p>\n<p>Dana Bichescu<br \/>\nVice president<\/p>\n<p>Nathalie G\u00f6rtz<br \/>\nTreasurer<\/p>\n<p>Sabine Schmitt<br \/>\nAssessor<\/p>\n<p>Amani Chibashimba<br \/>\nSecretary\n<\/p>\n<\/div>\n<div>\n<h2>Advisory board<\/h2>\n<p>\nProf. Dr. Maria B\u00f6ttche<\/p>\n<p>Prof. Dr. J\u00e9r\u00f4me Endrass<\/p>\n<p>Dr. Verena Ertl<\/p>\n<p>Dr. Michael Odenwald<\/p>\n<p>Dr Liz Wieling\n<\/p>\n<\/div>\n<p><\/p>","protected":false},"excerpt":{"rendered":"<p>vivo international e.V. vivo international ist a non-profit organisation based in Constance, Germany and was founded in 2001. Executive board Susanne Axelsson President Dana Bichescu Vice president Nathalie G\u00f6rtz Treasurer Sabine Schmitt Assessor Amani Chibashimba Secretary Advisory board Prof. Dr. Maria B\u00f6ttche Prof. Dr. J\u00e9r\u00f4me Endrass Dr. Verena Ertl Dr. Michael Odenwald Dr Liz Wieling<\/p>\n","protected":false},"author":1,"featured_media":0,"parent":21,"menu_order":2,"comment_status":"closed","ping_status":"closed","template":"","meta":{"_acf_changed":false,"footnotes":""},"class_list":["post-98","page","type-page","status-publish","hentry"],"acf":[],"_links":{"self":[{"href":"https:\/\/www.vivo.org\/en\/wp-json\/wp\/v2\/pages\/98","targetHints":{"allow":["GET"]}}],"collection":[{"href":"https:\/\/www.vivo.org\/en\/wp-json\/wp\/v2\/pages"}],"about":[{"href":"https:\/\/www.vivo.org\/en\/wp-json\/wp\/v2\/types\/page"}],"author":[{"embeddable":true,"href":"https:\/\/www.vivo.org\/en\/wp-json\/wp\/v2\/users\/1"}],"replies":[{"embeddable":true,"href":"https:\/\/www.vivo.org\/en\/wp-json\/wp\/v2\/comments?post=98"}],"version-history":[{"count":46,"href":"https:\/\/www.vivo.org\/en\/wp-json\/wp\/v2\/pages\/98\/revisions"}],"predecessor-version":[{"id":3365,"href":"https:\/\/www.vivo.org\/en\/wp-json\/wp\/v2\/pages\/98\/revisions\/3365"}],"up":[{"embeddable":true,"href":"https:\/\/www.vivo.org\/en\/wp-json\/wp\/v2\/pages\/21"}],"wp:attachment":[{"href":"https:\/\/www.vivo.org\/en\/wp-json\/wp\/v2\/media?parent=98"}],"curies":[{"name":"wp","href":"https:\/\/api.w.org\/{rel}","templated":true}]}}