{"id":85,"date":"2015-05-11T16:46:57","date_gmt":"2015-05-11T14:46:57","guid":{"rendered":"http:\/\/vivo.artur.eu\/?page_id=85"},"modified":"2023-06-14T21:10:54","modified_gmt":"2023-06-14T19:10:54","slug":"vivo-in-der-presse","status":"publish","type":"page","link":"https:\/\/www.vivo.org\/en\/veroeffentlichungen\/vivo-in-der-presse\/","title":{"rendered":"Press about vivo"},"content":{"rendered":"<p><\/p>\n<div>\n<h2>Media reports about vivo members and projects<\/h2>\n<\/div>\n<div>\n<h2>Women carry the burden of Ugandan war trauma<\/h2>\n<p><strong>IRIN, February 2018<\/strong><br \/>\nAn article about the difficult situation of women in Uganda and NGOs who support them including the outpatient clinic of vivo international. You can access the article <a href=\"https:\/\/www.irinnews.org\/feature\/2018\/02\/27\/women-carry-burden-ugandan-war-trauma\">via this link<\/a>.\n<\/div>\n<div>\n<h2>Surviving genocide: Storytelling and ritual help communities heal<\/h2>\n<p><strong>Science, May 2017<\/strong><br \/>\n<figure id=\"attachment_2094\" aria-describedby=\"caption-attachment-2094\" style=\"width: 200px\" class=\"wp-caption alignnone\"><img loading=\"lazy\" decoding=\"async\" src=\"https:\/\/www.vivo.org\/wp-content\/uploads\/2015\/05\/picture-23-WP-200x300.jpg\" alt=\"Photo: Inka Reiter\" width=\"200\" height=\"300\" class=\"size-medium wp-image-2094\" srcset=\"https:\/\/www.vivo.org\/wp-content\/uploads\/2015\/05\/picture-23-WP-200x300.jpg 200w, https:\/\/www.vivo.org\/wp-content\/uploads\/2015\/05\/picture-23-WP.jpg 320w\" sizes=\"auto, (max-width: 200px) 100vw, 200px\" \/><figcaption id=\"caption-attachment-2094\" class=\"wp-caption-text\">Photo: Inka Reiter<\/figcaption><\/figure><\/p>\n<p>Thousands of exiled Yezidis are dealing with the psychological aftermath of a forced migration that tore families apart. vivo member Dr Maggie Schauer was interviewed about treating Yezidi women with NET. You can <a href=\"http:\/\/www.sciencemag.org\/news\/2017\/05\/surviving-genocide-storytelling-and-ritual-help-communities-heal\">read the article here<\/a>.\n<\/div>\n<div>\n<h2>The troubled minds of migrants<\/h2>\n<p><strong>Nature, 2016<\/strong><br \/>\nThe refugees and migrants surging into Europe are suffering very high levels of psychiatric disorders. Nature talked to several researchers, among them vivo member Prof Thomas Elbert. Read <a href=\"https:\/\/www.nature.com\/polopoly_fs\/1.20767!\/menu\/main\/topColumns\/topLeftColumn\/pdf\/538158a1.pdf\">the article here<\/a>.\n<\/div>\n<div>\n<h2>Tanzania: Study Shows Corporal Punishment Doesn&#8217;t Improve Child&#8217;s Behaviour<\/h2>\n<p><strong>allafrica, 2014<\/strong><\/p>\n<p>A study conducted by vivo in Tanzania has concluded that regardless of the culture a child lives in, corporal punishment may do lasting psychological harm. Read the article <a href=\"http:\/\/allafrica.com\/stories\/201401200303.html\">here<\/a>.\n<\/div>\n<div>\n<h2>Regardless of the culture, corporal punishment may harm the child<\/h2>\n<p><strong>Reuters, 2014<\/strong><\/p>\n<p>In a study with school children in Tanzania vivo found that children who were beaten tend to show more behaviour problems. Read the whole article <a href=\"http:\/\/www.reuters.com\/article\/2014\/01\/17\/us-physical-punishment-idUSBREA0G16C20140117\">here<\/a>.\n<\/div>\n<div class=\"rot\">\n<h2>The power of storytelling: treating the trauma of child soldiers<\/h2>\n<p><strong>Prevention Action, 2012<\/strong><\/p>\n<p>Narrative Exposure Therapy is an evidence-based treatment for the psychological trauma of former child soldiers. Find out more by following this <a href=\"https:\/\/www.vivo.org\/wp-content\/uploads\/2015\/05\/The_power_of_storytelling-_treating_the_trauma_of_child_soldiers___Prevention_Action.pdf\">link<\/a>.<\/p>\n<\/div>\n<div>\n<h2>Afghani children suffering from post-traumatic stress<\/h2>\n<figure id=\"attachment_761\" aria-describedby=\"caption-attachment-761\" style=\"width: 233px\" class=\"wp-caption alignnone\"><a href=\"https:\/\/www.vivo.org\/wp-content\/uploads\/2015\/05\/Afghanchildren_eng.jpg\"><img loading=\"lazy\" decoding=\"async\" class=\"size-medium wp-image-761\" src=\"https:\/\/www.vivo.org\/wp-content\/uploads\/2015\/05\/Afghanchildren_eng-233x300.jpg\" alt=\"School in Kabul\" width=\"233\" height=\"300\" srcset=\"https:\/\/www.vivo.org\/wp-content\/uploads\/2015\/05\/Afghanchildren_eng-233x300.jpg 233w, https:\/\/www.vivo.org\/wp-content\/uploads\/2015\/05\/Afghanchildren_eng.jpg 260w\" sizes=\"auto, (max-width: 233px) 100vw, 233px\" \/><\/a><figcaption id=\"caption-attachment-761\" class=\"wp-caption-text\">School in Kabul<\/figcaption><\/figure>\n<p><strong>Science Daily, June 2009<\/strong><\/p>\n<p>Children who live in Afghanistan are particularly affected every day by a multitude of war time stressors which increase the likelihood of developing PTSD: trauma, child labor, and family and military violence. On a daily basis they are first-hand witnesses to the bombings, abuse, and the general upheaval of their home life and society as a result of war, including the effects of long-term poverty and familial turmoil.<\/p>\n<p>You can read the full article <a href=\"http:\/\/www.sciencedaily.com\/releases\/2009\/06\/090623112106.htm\">here<\/a>.<\/p>\n<\/div>\n<div>\n<h2>Los ni\u00f1os traumatizados por la guerra civil de Sri Lanka reciben ayuda psicol\u00f3gica<\/h2>\n<figure id=\"attachment_756\" aria-describedby=\"caption-attachment-756\" style=\"width: 250px\" class=\"wp-caption alignnone\"><a href=\"https:\/\/www.vivo.org\/wp-content\/uploads\/2015\/05\/SriLankaKIDNET_eng.jpg\"><img loading=\"lazy\" decoding=\"async\" class=\"size-medium wp-image-756\" src=\"https:\/\/www.vivo.org\/wp-content\/uploads\/2015\/05\/SriLankaKIDNET_eng-250x300.jpg\" alt=\"KIDNET in Sri Lanka\" width=\"250\" height=\"300\" srcset=\"https:\/\/www.vivo.org\/wp-content\/uploads\/2015\/05\/SriLankaKIDNET_eng-250x300.jpg 250w, https:\/\/www.vivo.org\/wp-content\/uploads\/2015\/05\/SriLankaKIDNET_eng.jpg 270w\" sizes=\"auto, (max-width: 250px) 100vw, 250px\" \/><\/a><figcaption id=\"caption-attachment-756\" class=\"wp-caption-text\">KIDNET in Sri Lanka<\/figcaption><\/figure>\n<p><strong>El Mundo, May 2009<\/strong><\/p>\n<p>En el norte de Sri Lanka, la antigua Ceil\u00e1n, el tigre es el animal m\u00edtico por excelencia. Hasta el punto de que la guerrilla local tamil adopt\u00f3 el nombre de este animal tot\u00e9mico. Los tigres tamiles han sido pr\u00e1cticamente derrotados por las autoridades cingalesas, pero a\u00f1os y a\u00f1os de guerra y las cat\u00e1strofes naturales, como el tsunami, han dejado su huella casi indeleble en los ni\u00f1os de la regi\u00f3n.<\/p>\n<p>You can read the full article <a href=\"http:\/\/www.elmundo.es\/elmundosalud\/2009\/05\/20\/psiquiatriainfantil\/1242846051.html\">here<\/a>.<\/p>\n<\/div>\n<div>\n<h2>Psychotherapy for the poor<\/h2>\n<figure id=\"attachment_751\" aria-describedby=\"caption-attachment-751\" style=\"width: 225px\" class=\"wp-caption alignnone\"><a href=\"https:\/\/www.vivo.org\/wp-content\/uploads\/2015\/05\/UgandaIDPcamp_eng.jpg\"><img loading=\"lazy\" decoding=\"async\" class=\"size-medium wp-image-751\" src=\"https:\/\/www.vivo.org\/wp-content\/uploads\/2015\/05\/UgandaIDPcamp_eng-225x300.jpg\" alt=\"IDP camp in Uganda\" width=\"225\" height=\"300\" srcset=\"https:\/\/www.vivo.org\/wp-content\/uploads\/2015\/05\/UgandaIDPcamp_eng-225x300.jpg 225w, https:\/\/www.vivo.org\/wp-content\/uploads\/2015\/05\/UgandaIDPcamp_eng.jpg 280w\" sizes=\"auto, (max-width: 225px) 100vw, 225px\" \/><\/a><figcaption id=\"caption-attachment-751\" class=\"wp-caption-text\">IDP camp in Uganda<\/figcaption><\/figure>\n<p><strong>Scientific American, March 2009<\/strong><\/p>\n<p>It had been four years since 13-year-old Mohamed Abdul escaped civil war in Somalia, but he still had nightmares and flashbacks. When he was nine years old, a crowd fleeing a street shooting trampled him, putting him in the hospital for two weeks. A month later he saw the aftermath of an apparent massacre: about 20 corpses floating in the ocean. Soon after, militiamen shot him in the leg, knocked him unconscious, then raped his best friend, a girl named Halimo.<\/p>\n<p>You can <a href=\"https:\/\/www.vivo.org\/wp-content\/uploads\/2015\/05\/UgandaIDPcamp_eng.jpg\">download the full article here<\/a>.<\/p>\n<\/div>\n<div>\n<h2>Narrative exposure improves PTSD symptoms<\/h2>\n<figure id=\"attachment_748\" aria-describedby=\"caption-attachment-748\" style=\"width: 300px\" class=\"wp-caption alignnone\"><a href=\"https:\/\/www.vivo.org\/wp-content\/uploads\/2015\/05\/TherapyUganda_eng.jpg\"><img loading=\"lazy\" decoding=\"async\" class=\"size-medium wp-image-748\" src=\"https:\/\/www.vivo.org\/wp-content\/uploads\/2015\/05\/TherapyUganda_eng-300x257.jpg\" alt=\"NET in an Ugandan IDP camp\" width=\"300\" height=\"257\" srcset=\"https:\/\/www.vivo.org\/wp-content\/uploads\/2015\/05\/TherapyUganda_eng-300x257.jpg 300w, https:\/\/www.vivo.org\/wp-content\/uploads\/2015\/05\/TherapyUganda_eng.jpg 303w\" sizes=\"auto, (max-width: 300px) 100vw, 300px\" \/><\/a><figcaption id=\"caption-attachment-748\" class=\"wp-caption-text\">NET in an Ugandan IDP camp<\/figcaption><\/figure>\n<p><strong>Clinical Psychiatry News, February 2009<\/strong><\/p>\n<p>Short-term narrative exposure therapy can be effective in treating posttraumatic stress disorder in child and adult survivors of war, even when carried out by lay counselors with limited training, new research shows. Narrative exposure therapy (NET) builds on the tradition of testimony therapy in which patients are asked to repeatedly talk about a traumatic event in detail and reexperience all emotions associated with the event. This leads to habituation of the emotional response to the traumatic memory and a subsequent lessening of PTSD symptoms.<\/p>\n<p>You can <a href=\"https:\/\/www.vivo.org\/wp-content\/uploads\/2015\/05\/Clin-psychiatry-news-02-09.pdf\">download the full article here<\/a>.<\/p>\n<\/div>\n<p><\/p>","protected":false},"excerpt":{"rendered":"<p>Media reports about vivo members and projects Women carry the burden of Ugandan war trauma IRIN, February 2018 An article about the difficult situation of women in Uganda and NGOs who support them including the outpatient clinic of vivo international. You can access the article via this link. Surviving genocide: Storytelling and ritual help communities &hellip; <a href=\"https:\/\/www.vivo.org\/en\/veroeffentlichungen\/vivo-in-der-presse\/\" class=\"more-link\">Continue reading <span class=\"screen-reader-text\">Press about vivo<\/span><\/a><\/p>\n","protected":false},"author":1,"featured_media":0,"parent":19,"menu_order":2,"comment_status":"closed","ping_status":"closed","template":"","meta":{"_acf_changed":false,"footnotes":""},"class_list":["post-85","page","type-page","status-publish","hentry"],"acf":[],"_links":{"self":[{"href":"https:\/\/www.vivo.org\/en\/wp-json\/wp\/v2\/pages\/85","targetHints":{"allow":["GET"]}}],"collection":[{"href":"https:\/\/www.vivo.org\/en\/wp-json\/wp\/v2\/pages"}],"about":[{"href":"https:\/\/www.vivo.org\/en\/wp-json\/wp\/v2\/types\/page"}],"author":[{"embeddable":true,"href":"https:\/\/www.vivo.org\/en\/wp-json\/wp\/v2\/users\/1"}],"replies":[{"embeddable":true,"href":"https:\/\/www.vivo.org\/en\/wp-json\/wp\/v2\/comments?post=85"}],"version-history":[{"count":97,"href":"https:\/\/www.vivo.org\/en\/wp-json\/wp\/v2\/pages\/85\/revisions"}],"predecessor-version":[{"id":3098,"href":"https:\/\/www.vivo.org\/en\/wp-json\/wp\/v2\/pages\/85\/revisions\/3098"}],"up":[{"embeddable":true,"href":"https:\/\/www.vivo.org\/en\/wp-json\/wp\/v2\/pages\/19"}],"wp:attachment":[{"href":"https:\/\/www.vivo.org\/en\/wp-json\/wp\/v2\/media?parent=85"}],"curies":[{"name":"wp","href":"https:\/\/api.w.org\/{rel}","templated":true}]}}