{"id":29,"date":"2015-04-24T10:50:58","date_gmt":"2015-04-24T08:50:58","guid":{"rendered":"http:\/\/vivo.artur.eu\/?page_id=29"},"modified":"2020-09-07T21:07:55","modified_gmt":"2020-09-07T19:07:55","slug":"better-place","status":"publish","type":"page","link":"https:\/\/www.vivo.org\/en\/better-place\/","title":{"rendered":"Betterplace"},"content":{"rendered":"<p><\/p>\n<div>\n<h2>Betterplace<\/h2>\n<p>For selected vivo projects it is also possible to donate via <a href=\"https:\/\/www.betterplace.org\/en\/organisations\/vivo\">betterplace.org<\/a>.<\/p>\n<\/div>\n<div>\n<h2>Support for psychologically affected refugees<\/h2>\n<p>Support for refugees. Integration into the German psychotherapeutic system. In cases of lacking language skills and missing knowledge about the German health system translators and health-mentors support refugees in order to receive psychotherapeutic treatment.<\/p>\n<p><iframe loading=\"lazy\" style=\"border: 0; padding: 0; margin: 0;\" src=\"https:\/\/www.betterplace-widget.org\/projects\/56597?l=en\" width=\"100%\" height=\"320\" frameborder=\"0\" marginwidth=\"0\" marginheight=\"0\"><a href=\"https:\/\/www.betterplace.org\/en\/projects\/56597-unterstutzung-fur-psychisch-belastete-gefluchtete\" target=\"_blank\">\u201cUnterst\u00fctzung f\u00fcr psychisch belastete Gefl\u00fcchtete \u201d<\/a> \u2013 learn more and donate on betterplace.org.<\/iframe><\/p>\n<\/div>\n<div>\n<h2>Fundraising for a center of psychotraumatology in Burundi<\/h2>\n<p>vivo international and Psychologues sans Fronti\u00e8res Burundi aim to establish a center of psychotraumatology in Burundi to provide psychological assistance to socio-economically underprivileged individuals affected by trauma.<\/p>\n<p><iframe loading=\"lazy\" style=\"border: 0; padding: 0; margin: 0;\" src=\"https:\/\/www.betterplace-widget.org\/projects\/61233?l=en\" width=\"100%\" height=\"320\" frameborder=\"0\" marginwidth=\"0\" marginheight=\"0\"><a href=\"https:\/\/www.betterplace.org\/en\/projects\/61233-fundraising-for-a-center-of-psychotraumatology-in-burundi-2018\" target=\"_blank\">\u201cFundraising for a center of psychotraumatology in Burundi 2018\u201d<\/a> \u2013 learn more and donate on betterplace.org.<\/iframe><\/p>\n<\/div>\n<div>\n<h2>Psychological support for orphans<\/h2>\n<p>vivo set up a school counselor position in Iringa, Tanzania, to offer psychological support to orphans and other affected children. With the help of the donors, the school counselors will also be there for the children in future.<\/p>\n<p><iframe loading=\"lazy\" frameborder=\"0\" marginheight=\"0\" marginwidth=\"0\" src=\"https:\/\/www.betterplace-widget.org\/projects\/13371?l=en\" width=\"100%\" height=\"320\" style=\"border: 0; padding:0; margin:0;\"><a href='https:\/\/www.betterplace.org\/en\/projects\/13371-psychological-support-for-orphans' target='_blank'>\u201cPsychological support for orphans\u201d<\/a> \u2013 learn more and donate on betterplace.org.<\/iframe><\/p>\n<\/div>\n<p><\/p>","protected":false},"excerpt":{"rendered":"<p>Betterplace For selected vivo projects it is also possible to donate via betterplace.org. Support for psychologically affected refugees Support for refugees. Integration into the German psychotherapeutic system. In cases of lacking language skills and missing knowledge about the German health system translators and health-mentors support refugees in order to receive psychotherapeutic treatment. \u201cUnterst\u00fctzung f\u00fcr psychisch &hellip; <a href=\"https:\/\/www.vivo.org\/en\/better-place\/\" class=\"more-link\">Continue reading <span class=\"screen-reader-text\">Betterplace<\/span><\/a><\/p>\n","protected":false},"author":1,"featured_media":0,"parent":0,"menu_order":82,"comment_status":"closed","ping_status":"closed","template":"","meta":{"_acf_changed":false,"footnotes":""},"class_list":["post-29","page","type-page","status-publish","hentry"],"acf":[],"_links":{"self":[{"href":"https:\/\/www.vivo.org\/en\/wp-json\/wp\/v2\/pages\/29","targetHints":{"allow":["GET"]}}],"collection":[{"href":"https:\/\/www.vivo.org\/en\/wp-json\/wp\/v2\/pages"}],"about":[{"href":"https:\/\/www.vivo.org\/en\/wp-json\/wp\/v2\/types\/page"}],"author":[{"embeddable":true,"href":"https:\/\/www.vivo.org\/en\/wp-json\/wp\/v2\/users\/1"}],"replies":[{"embeddable":true,"href":"https:\/\/www.vivo.org\/en\/wp-json\/wp\/v2\/comments?post=29"}],"version-history":[{"count":34,"href":"https:\/\/www.vivo.org\/en\/wp-json\/wp\/v2\/pages\/29\/revisions"}],"predecessor-version":[{"id":1977,"href":"https:\/\/www.vivo.org\/en\/wp-json\/wp\/v2\/pages\/29\/revisions\/1977"}],"wp:attachment":[{"href":"https:\/\/www.vivo.org\/en\/wp-json\/wp\/v2\/media?parent=29"}],"curies":[{"name":"wp","href":"https:\/\/api.w.org\/{rel}","templated":true}]}}